{"id":2,"date":"2011-08-31T18:06:55","date_gmt":"2011-08-31T16:06:55","guid":{"rendered":"http:\/\/sv7.se\/asakroken\/?page_id=2"},"modified":"2025-05-27T00:03:43","modified_gmt":"2025-05-26T22:03:43","slug":"about","status":"publish","type":"page","link":"https:\/\/asakroken.sv7.se\/?page_id=2","title":{"rendered":"Om"},"content":{"rendered":"<p>\u00c5sakrokens samf\u00e4llighets styrelse best\u00e5r av:<\/p>\n<p>Susanne \u00c5hman &#8211; \u00c5sakroken 4 &#8211; Ordf\u00f6rande<\/p>\n<p>Goran Jovic &#8211; \u00c5sakroken 13 &#8211; Kass\u00f6r<\/p>\n<p>Maria Petersson &#8211; \u00c5sakroken 5 &#8211; Sekreterare<\/p>\n<p>Iwona\u00a0 Walczak- \u00c5sakroken 10 &#8211; Suppleant<\/p>\n<p>Johan Ehnar &#8211; \u00c5sakroken 8 &#8211; Ledamot<\/p>\n<p>Ilkka Kerola &#8211; \u00c5sakroken 1 &#8211; Ledamot<\/p>\n<p>Jawid Mohammadi &#8211; \u00c5sakroken 31 &#8211; Suppleant<\/p>\n<p>Annamaria Rask &#8211; \u00c5sakroken 57 &#8211; Revisor<\/p>\n<p>Maria Friberg &#8211; \u00c5sakroken\u00a051 &#8211; Revisor<\/p>\n<p>Tobias Rosberg &#8211; \u00c5sakroken 22 &#8211; Valberedning<\/p>\n<p>Robert Sillgren &#8211; \u00c5sakroken 40 &#8211; Valberedning<\/p>\n","protected":false},"excerpt":{"rendered":"<p>\u00c5sakrokens samf\u00e4llighets styrelse best\u00e5r av: Susanne \u00c5hman &#8211; \u00c5sakroken 4 &#8211; Ordf\u00f6rande Goran Jovic &#8211; \u00c5sakroken 13 &#8211; Kass\u00f6r Maria Petersson &#8211; \u00c5sakroken 5 &#8211; Sekreterare Iwona\u00a0 Walczak- \u00c5sakroken 10 &#8211; Suppleant Johan Ehnar &#8211; \u00c5sakroken 8 &#8211; Ledamot Ilkka &hellip; <a href=\"https:\/\/asakroken.sv7.se\/?page_id=2\">Forts\u00e4tt l\u00e4sa <span class=\"meta-nav\">&rarr;<\/span><\/a><\/p>\n","protected":false},"author":1,"featured_media":0,"parent":0,"menu_order":0,"comment_status":"closed","ping_status":"closed","template":"","meta":{"footnotes":""},"class_list":["post-2","page","type-page","status-publish","hentry"],"_links":{"self":[{"href":"https:\/\/asakroken.sv7.se\/index.php?rest_route=\/wp\/v2\/pages\/2","targetHints":{"allow":["GET"]}}],"collection":[{"href":"https:\/\/asakroken.sv7.se\/index.php?rest_route=\/wp\/v2\/pages"}],"about":[{"href":"https:\/\/asakroken.sv7.se\/index.php?rest_route=\/wp\/v2\/types\/page"}],"author":[{"embeddable":true,"href":"https:\/\/asakroken.sv7.se\/index.php?rest_route=\/wp\/v2\/users\/1"}],"replies":[{"embeddable":true,"href":"https:\/\/asakroken.sv7.se\/index.php?rest_route=%2Fwp%2Fv2%2Fcomments&post=2"}],"version-history":[{"count":25,"href":"https:\/\/asakroken.sv7.se\/index.php?rest_route=\/wp\/v2\/pages\/2\/revisions"}],"predecessor-version":[{"id":545,"href":"https:\/\/asakroken.sv7.se\/index.php?rest_route=\/wp\/v2\/pages\/2\/revisions\/545"}],"wp:attachment":[{"href":"https:\/\/asakroken.sv7.se\/index.php?rest_route=%2Fwp%2Fv2%2Fmedia&parent=2"}],"curies":[{"name":"wp","href":"https:\/\/api.w.org\/{rel}","templated":true}]}}